{"id":758,"date":"2023-07-04T17:21:25","date_gmt":"2023-07-04T17:21:25","guid":{"rendered":"https:\/\/www.kalax.fi\/?page_id=758"},"modified":"2023-07-04T17:21:25","modified_gmt":"2023-07-04T17:21:25","slug":"paviljongen-oasen-och-bathamnen","status":"publish","type":"page","link":"https:\/\/www.kalax.fi\/?page_id=758","title":{"rendered":"Paviljongen Oasen och B\u00e5thamnen"},"content":{"rendered":"<p><img loading=\"lazy\" decoding=\"async\" class=\"size-medium wp-image-77 aligncenter\" src=\"https:\/\/www.kalax.fi\/wp-content\/uploads\/2022\/03\/97BD456D-808B-4A30-ACAE-F176CA8965C3-1-300x200.jpeg\" alt=\"\" width=\"300\" height=\"200\" srcset=\"https:\/\/www.kalax.fi\/wp-content\/uploads\/2022\/03\/97BD456D-808B-4A30-ACAE-F176CA8965C3-1-300x200.jpeg 300w, https:\/\/www.kalax.fi\/wp-content\/uploads\/2022\/03\/97BD456D-808B-4A30-ACAE-F176CA8965C3-1-1024x683.jpeg 1024w, https:\/\/www.kalax.fi\/wp-content\/uploads\/2022\/03\/97BD456D-808B-4A30-ACAE-F176CA8965C3-1-768x512.jpeg 768w, https:\/\/www.kalax.fi\/wp-content\/uploads\/2022\/03\/97BD456D-808B-4A30-ACAE-F176CA8965C3-1-1536x1024.jpeg 1536w, https:\/\/www.kalax.fi\/wp-content\/uploads\/2022\/03\/97BD456D-808B-4A30-ACAE-F176CA8965C3-1-2048x1365.jpeg 2048w\" sizes=\"auto, (max-width: 300px) 100vw, 300px\" \/><\/p>\n<p>Paviljongen Oasen kan bokas f\u00f6r br\u00f6llopsfest, kalas eller annan privat tillst\u00e4llning.<\/p>\n<p>Kontaktperson: Mats Wikman 040 036 6366<\/p>\n<p>Hyra f\u00f6r paviljongen:<\/p>\n<p>200\u20ac +2\u20ac\/person + 50\u20ac f\u00f6r extra dygn.<\/p>\n<p>100\u20ac f\u00f6r kort kv\u00e4llstillst\u00e4llning.<\/p>\n<p>&nbsp;<\/p>\n<p>I b\u00e5thamnen g\u00e5r det att hyra b\u00e5tplats.<\/p>\n<p>Kontaktperson: Mats Wikman 040 036 6366<\/p>\n<p>80\u20ac f\u00f6r liten plats.<\/p>\n<p>130\u20ac f\u00f6r stor plats.<\/p>\n<p>&nbsp;<\/p>\n<p>&nbsp;<\/p>\n","protected":false},"excerpt":{"rendered":"<p>Paviljongen Oasen kan bokas f\u00f6r br\u00f6llopsfest, kalas eller annan privat tillst\u00e4llning. Kontaktperson: Mats Wikman 040 036 6366 Hyra f\u00f6r paviljongen: 200\u20ac +2\u20ac\/person + 50\u20ac f\u00f6r extra dygn. 100\u20ac f\u00f6r kort kv\u00e4llstillst\u00e4llning. &nbsp; I b\u00e5thamnen g\u00e5r det att hyra b\u00e5tplats. Kontaktperson: Mats Wikman 040 036 6366 80\u20ac f\u00f6r liten plats. 130\u20ac f\u00f6r stor plats. &nbsp; &nbsp;<\/p>\n","protected":false},"author":1,"featured_media":0,"parent":0,"menu_order":0,"comment_status":"closed","ping_status":"closed","template":"","meta":{"footnotes":""},"class_list":["post-758","page","type-page","status-publish","hentry","wpbf-post"],"_links":{"self":[{"href":"https:\/\/www.kalax.fi\/index.php?rest_route=\/wp\/v2\/pages\/758","targetHints":{"allow":["GET"]}}],"collection":[{"href":"https:\/\/www.kalax.fi\/index.php?rest_route=\/wp\/v2\/pages"}],"about":[{"href":"https:\/\/www.kalax.fi\/index.php?rest_route=\/wp\/v2\/types\/page"}],"author":[{"embeddable":true,"href":"https:\/\/www.kalax.fi\/index.php?rest_route=\/wp\/v2\/users\/1"}],"replies":[{"embeddable":true,"href":"https:\/\/www.kalax.fi\/index.php?rest_route=%2Fwp%2Fv2%2Fcomments&post=758"}],"version-history":[{"count":1,"href":"https:\/\/www.kalax.fi\/index.php?rest_route=\/wp\/v2\/pages\/758\/revisions"}],"predecessor-version":[{"id":759,"href":"https:\/\/www.kalax.fi\/index.php?rest_route=\/wp\/v2\/pages\/758\/revisions\/759"}],"wp:attachment":[{"href":"https:\/\/www.kalax.fi\/index.php?rest_route=%2Fwp%2Fv2%2Fmedia&parent=758"}],"curies":[{"name":"wp","href":"https:\/\/api.w.org\/{rel}","templated":true}]}}