{"id":550,"date":"2022-09-04T10:01:26","date_gmt":"2022-09-04T10:01:26","guid":{"rendered":"https:\/\/www.kalax.fi\/?page_id=550"},"modified":"2023-10-08T16:47:35","modified_gmt":"2023-10-08T16:47:35","slug":"egna-reflektioner-om-vindparken","status":"publish","type":"page","link":"https:\/\/www.kalax.fi\/?page_id=550","title":{"rendered":"Egna reflektioner om vindparken"},"content":{"rendered":"<p><strong>N\u00e5gra personliga reflektioner \u00f6ver vindkraftsbyggandet i Kalax<\/strong><\/p>\n<p>D\u00e5 vi i arbetsgruppen beslutat om att g\u00f6ra arrendeavtal med VindIn i b\u00f6rjan av augusti 2012 var det tal om att det skulle bli Simens 2,3 MW vindkraftverk med direktdrift, allts\u00e5 utan v\u00e4xell\u00e5da. 1 MW (megawatt) motsvarar 1\u00a0000 kW (kilowatt). M\u00f6jligtvis kunde effekten bli 3 MW. Man sade att vindkraftverken skulle f\u00f6rses med radar\u00f6vervakning s\u00e5 att ljus endast skulle lysa p\u00e5 kraftverken om n\u00e5got flygplan var i n\u00e4rheten.<\/p>\n<p>Enligt ans\u00f6kan om delgeneralplan konstaterade N\u00e4rpes stad f\u00f6ljande:<\/p>\n<p>VindIn Ab har anh\u00e5llit om uppg\u00f6rande av delgeneralplan f\u00f6r uppf\u00f6rande av en vindkraftspark i nordv\u00e4st om Kalax by. Enligt ans\u00f6kan omfattar projektet prelimin\u00e4rt 54 kraftverk med en nominell effekt av 2-3 MW. Enligt de prelimin\u00e4ra planerna har kraftverken en tornh\u00f6jd p\u00e5 123 m och rotordiameter p\u00e5 113 m. [totalh\u00f6jd 180 m]<\/p>\n<p>VindIn f\u00f6reslog att inget vindkraftverk skulle placeras n\u00e4rmare \u00e4n 1000 m fr\u00e5n befintlig bostad. P\u00e5 den tiden ans\u00e5gs 1000 m vara ett stort avst\u00e5nd f\u00f6r den storlek p\u00e5 vindkraftverk som p\u00e5 den tiden byggdes. Vi i arbetsgruppen ans\u00e5g att det var ett bra f\u00f6rslag att, som vi tyckte, avst\u00e5ndet till bost\u00e4der g\u00f6rs ordentligt stort.<\/p>\n<p>Under tiden som gick fram till byggbeslutet \u00e5r 2019 hade vindkraftverkens antal minskat till 21 st och storleken \u00f6kat till 4,3 MW och totalh\u00f6jden \u00f6kat 230 m samt vingdiametern blivit 150 m. Vindkraftverkens fabrikat var nu Vestas. De var konstruerade med v\u00e4xell\u00e5da och vindkraftverken har ljus som lyser under den m\u00f6rka tiden.<\/p>\n<p><img loading=\"lazy\" decoding=\"async\" class=\"wp-image-591 aligncenter\" src=\"https:\/\/www.kalax.fi\/wp-content\/uploads\/2022\/09\/572BDCEA-B57A-446F-BD72-BCABB8061EA7-300x225.jpeg\" alt=\"\" width=\"402\" height=\"301\" srcset=\"https:\/\/www.kalax.fi\/wp-content\/uploads\/2022\/09\/572BDCEA-B57A-446F-BD72-BCABB8061EA7-300x225.jpeg 300w, https:\/\/www.kalax.fi\/wp-content\/uploads\/2022\/09\/572BDCEA-B57A-446F-BD72-BCABB8061EA7-1024x768.jpeg 1024w, https:\/\/www.kalax.fi\/wp-content\/uploads\/2022\/09\/572BDCEA-B57A-446F-BD72-BCABB8061EA7-768x576.jpeg 768w, https:\/\/www.kalax.fi\/wp-content\/uploads\/2022\/09\/572BDCEA-B57A-446F-BD72-BCABB8061EA7-1536x1152.jpeg 1536w, https:\/\/www.kalax.fi\/wp-content\/uploads\/2022\/09\/572BDCEA-B57A-446F-BD72-BCABB8061EA7-2048x1536.jpeg 2048w\" sizes=\"auto, (max-width: 402px) 100vw, 402px\" \/><\/p>\n<p>Avst\u00e5nd fr\u00e5n ett vindkraftverk till n\u00e4rmaste bostad blev \u00e4ven st\u00f6rre, ca 1500 m. I efterskott sagt beh\u00f6vligt, med de st\u00f6rre och h\u00f6gre vindkraftverken. Myndigheterna har inga best\u00e4mmelser om avst\u00e5nd, endast om bullerniv\u00e5n. Bullerbest\u00e4mmelserna har hela perioden varit max 40 dBA (decibel med filter A) nattetid. En del som bor i n\u00e4rheten av ett vindkraftverk upplever att denna gr\u00e4ns \u00e4r satt f\u00f6r h\u00f6gt. Vid modelleringen allts\u00e5 de teoretiska ber\u00e4kningar av bullerniv\u00e5n vid de n\u00e4rmaste bost\u00e4derna \u00f6verskreds inte 35 dBA varf\u00f6r vi var n\u00f6jda. Framtida bullerm\u00e4tningar f\u00e5r utvisa hur exakta de teoretiskt utr\u00e4knade bullerniv\u00e5erna \u00f6verensst\u00e4mmer med verklig uppm\u00e4tt ljudniv\u00e5. I allm\u00e4nhet har uppm\u00e4tt bullerniv\u00e5 underskridit ber\u00e4knad bullerniv\u00e5. Det ljud som kommer fr\u00e5n ett vindkraftverk \u00e4r dels ett svischande ljud och dels ett motorliknande ljud. Svischande ljudet \u00e4r helt klart fr\u00e5n vingarna men det motorliknande ljudet kan eventuellt \u00e4ven komma fr\u00e5n lager och kugghjul. Det senare ljudet upplevs i allm\u00e4nhet mera st\u00f6rande. I offentligheten har det ibland framf\u00f6rts krav att minsta avst\u00e5nd till bostad b\u00f6r vara minst tre km. Om ett s\u00e5dant avst\u00e5nd varit riktgivande hade inga kraftverk byggts i Kalax och ytterst f\u00e5 i \u00f6vriga orter i \u00d6sterbotten. D\u00e5 vi valde arrendator var ett av de viktigaste kriterierna att bolaget skulle vara tillr\u00e4ckligt solitt f\u00f6r att kunna fullf\u00f6lja projektet p\u00e5 egen hand. Vindin skr\u00f6t med att bolaget var \u00e4gt av svensk storindustri, vilket underf\u00f6rst\u00e5tt hade tillr\u00e4ckliga muskler att f\u00f6rverkliga projektet. Av n\u00e5gon anledning uppfattade inte VindIn att det g\u00e4llde att skynda p\u00e5 planeringen innan den statliga och f\u00f6rm\u00e5nliga inmatningstariffen var fulltecknad. Inmatningstariffen utgjorde en s\u00e4kerhet f\u00f6r vindkrafts\u00e4gare att f\u00e5 ett garanterat minsta elpris som d\u00e5 m\u00f6jliggjorde exaktare l\u00f6nsamhetsber\u00e4kningar. Elpriset varierat en hel del som vi erfarit.\u00a0 VindIn hann inte f\u00e5 sitt projekt f\u00e4rdigt f\u00f6r ans\u00f6kan om inmatningstariff. Som en sannolik f\u00f6ljd av detta s\u00e5lde VindIn \u00e5r 2017 detta projekt och deras \u00f6vriga p\u00e5b\u00f6rjade projekt i Finland till Fortum Oyj. \u201dStorindustrin\u201d i Sverige s\u00e5lde \u00e4ven det svenska bolaget VindIn AB en tid d\u00e4refter. \u00a0Arrendekontraktet justerades p\u00e5 vissa punkter d\u00e5 det blev byte av \u00e4gare. Vad vi d\u00e5 inte i br\u00e5dskan tog i beaktande var att nya \u00e4garen kan s\u00e4lja bort sitt innehav. S\u00e5 skedd ocks\u00e5 redan 2019. Fortum \u00e4ger idag endast 20% av Kalax Vindkraft Ab.<\/p>\n<p><img loading=\"lazy\" decoding=\"async\" class=\" wp-image-566 aligncenter\" src=\"https:\/\/www.kalax.fi\/wp-content\/uploads\/2022\/09\/IMG_08073-225x300.jpg\" alt=\"\" width=\"256\" height=\"341\" srcset=\"https:\/\/www.kalax.fi\/wp-content\/uploads\/2022\/09\/IMG_08073-225x300.jpg 225w, https:\/\/www.kalax.fi\/wp-content\/uploads\/2022\/09\/IMG_08073-768x1024.jpg 768w, https:\/\/www.kalax.fi\/wp-content\/uploads\/2022\/09\/IMG_08073-1152x1536.jpg 1152w, https:\/\/www.kalax.fi\/wp-content\/uploads\/2022\/09\/IMG_08073-1536x2048.jpg 1536w, https:\/\/www.kalax.fi\/wp-content\/uploads\/2022\/09\/IMG_08073.jpg 1800w\" sizes=\"auto, (max-width: 256px) 100vw, 256px\" \/><\/p>\n<p>D\u00e5 vi p\u00e5 v\u00e5rvintern 2015 b\u00f6rjade f\u00f6rhandla med olika intresserade f\u00f6retag som ville arrendera mark f\u00f6r en vindpark blev det m\u00e5nga m\u00f6ten, telefonsamtal och e-postmeddelanden. Fram till i oktober samma \u00e5r d\u00e5 vi skrev under arrendeavtalet hade jag skrivit 246 st e-postmeddelanden. Under samma period mottog jag 305 e-postmeddelanden. Jag trodde d\u00e5 att nu var \u201djobbet\u201d avklarat och jag s\u00e5g framf\u00f6r mig en lugn tid fram\u00e5t. Ack hur fel jag hade. Alla m\u00f6jliga problem uppstod som skulle behandlas. Fram tills i maj 2022 har jag skrivit 891 st meddelanden och mottagit 965 st. Som pension\u00e4r har det h\u00e4r varit m\u00f6jligt, ofta har det beh\u00f6vts mycket unders\u00f6kande arbete f\u00f6r att \u00e5stadkomma ett argumenterande inl\u00e4gg. Alternativt kunde vi ha \u00f6verl\u00e5tit det mesta av det som skulle beslutas om till arrendatorn s\u00e5som det gjorts p\u00e5 m\u00e5nga h\u00e5ll. Det \u00e4r dock helt klart att vissa villkor i arrendeavtalet varit helt annorlunda om inte v\u00e5r arbetsgrupp aktivt deltagit i utformandet av arrendeavtalet till mark\u00e4garnas b\u00e4sta.<\/p>\n<p><img loading=\"lazy\" decoding=\"async\" class=\" wp-image-576 aligncenter\" src=\"https:\/\/www.kalax.fi\/wp-content\/uploads\/2022\/09\/IMG_10134-300x183.jpg\" alt=\"\" width=\"450\" height=\"275\" srcset=\"https:\/\/www.kalax.fi\/wp-content\/uploads\/2022\/09\/IMG_10134-300x183.jpg 300w, https:\/\/www.kalax.fi\/wp-content\/uploads\/2022\/09\/IMG_10134-1024x625.jpg 1024w, https:\/\/www.kalax.fi\/wp-content\/uploads\/2022\/09\/IMG_10134-768x469.jpg 768w, https:\/\/www.kalax.fi\/wp-content\/uploads\/2022\/09\/IMG_10134-1536x938.jpg 1536w, https:\/\/www.kalax.fi\/wp-content\/uploads\/2022\/09\/IMG_10134-2048x1251.jpg 2048w\" sizes=\"auto, (max-width: 450px) 100vw, 450px\" \/>En detalj som blev \u201dr\u00e4tt\u201d ur mark\u00e4gares synpunkt var att grunden f\u00f6r arrendeavgiften r\u00e4knas enligt producerad el till eln\u00e4tet och med enhetspriset enligt marknadsprisets medeltal i Finland under ett kvartal (spotpris medeltal). Allts\u00e5 inte enligt det pris som vindkraftsbolaget s\u00e4ljer str\u00f6mmen till eller det elpris som noteras timvis p\u00e5 elmarknaden. N\u00e4r ett vindkraftverk producerar el f\u00f6r full effekt tenderar elpriset att vara l\u00e4gre \u00e4n n\u00e4r vindkraftverket producerar el p\u00e5 l\u00e5g niv\u00e5. Detta fenomen har blivit mera tydligt d\u00e5 vi i Finland och Sverige avsev\u00e4rt \u00f6kat andelen el fr\u00e5n vindkraft.<\/p>\n<p>En vindkraftspaks tillkomst och drift har stor p\u00e5verkan i staden. Vi i arbetsgruppen tycker att vi gjort m\u00e5nga saker r\u00e4tt till fromma f\u00f6r mark\u00e4gare, boende, entrepren\u00f6rer, serviceinr\u00e4ttningar och kommunens skattekista (b\u00e5de med direkta och indirekt skatter) samt f\u00f6r Finland m\u00e5l att minska koldioxidutsl\u00e4pp och minska el-import (bl a kolkraftsbaserad el fr\u00e5n v\u00e5rt \u00f6stra grannland).<\/p>\n<p>Vi lyckades \u00e4ven f\u00f6rhandla fram att el-\u00f6verf\u00f6ringen fr\u00e5n parken till el-stationen i Finby skulle ske med jordkabel. Jag har inte h\u00f6rt att jordkabel anv\u00e4nts p\u00e5 n\u00e5got annat st\u00e4lle i Finland, d\u00e4rf\u00f6r att jordkabel \u00e4r avsev\u00e4rt dyrare \u00e4n luftledning. Normalt v\u00e4cker el-dragningar fr\u00e5n en vindpark stort missn\u00f6je bland dem som \u201ddrabbas\u201d av el-ledningarna.\u00a0 Det brukar vara vanligt med besv\u00e4r, men mark\u00e4gare brukar f\u00f6rlora till sist, projekt kan dock f\u00f6rdr\u00f6jas.\u00a0 De som nu \u201ddrabbats\u201d av jordkabel f\u00e5r ett sk\u00e4ligt arrende, dessutom mycket mer \u00e4n vad brukligt \u00e4r. Om man idag skulle g\u00f6ra en f\u00f6rfr\u00e5gan bland skogs\u00e4gare, jordbrukare och egnahemshus\u00e4gare om de i st\u00e4llet hade f\u00f6redragit luftledningar tror jag ingen hade valt det alternativet.<\/p>\n<p>Vi f\u00f6rhandlade \u00e4ven fram \u201dvindbonus\u201d, en extra arrendeavgift till v\u00e4lg\u00f6renhet. \u00a0Syftet med vindbonus \u00e4r att g\u00f6ra det mer attraktivt att bo, arbeta och bes\u00f6ka byarna runt vindkraftsparken. Storlek: En promille av brutto el-f\u00f6rs\u00e4ljningen.\u00a0 Id\u00e9n var ursprungligen VindIn:s. Inte alla projekt i N\u00e4rpes har p\u00e5 detta s\u00e4tt \u00f6verl\u00e5tit en del av arrendeint\u00e4kterna till v\u00e4lg\u00f6renhet.<\/p>\n<p>Vindbonusen f\u00f6rdelas mellan de byar som finns inom vindkraftsparkens vindupptagningsomr\u00e5de. F\u00f6r Kalax by har Kalax samf\u00e4lligheter som \u00e4r f\u00f6rm\u00e5nstagare bildat en fond, Kalax vindkraftsfond, f\u00f6r att handha utdelningen av byns andel av den totala vidbonusen (67%). Ordf\u00f6rande i fonden \u00e4r f\u00f6r n\u00e4rvarande Henrik Backa.<\/p>\n<p>Lars Granlund, maj 2022<\/p>\n<p><img loading=\"lazy\" decoding=\"async\" class=\" wp-image-578 aligncenter\" src=\"https:\/\/www.kalax.fi\/wp-content\/uploads\/2022\/09\/IMG_10338-300x200.jpg\" alt=\"\" width=\"443\" height=\"296\" srcset=\"https:\/\/www.kalax.fi\/wp-content\/uploads\/2022\/09\/IMG_10338-300x200.jpg 300w, https:\/\/www.kalax.fi\/wp-content\/uploads\/2022\/09\/IMG_10338-1024x683.jpg 1024w, https:\/\/www.kalax.fi\/wp-content\/uploads\/2022\/09\/IMG_10338-768x512.jpg 768w, https:\/\/www.kalax.fi\/wp-content\/uploads\/2022\/09\/IMG_10338-1536x1024.jpg 1536w, https:\/\/www.kalax.fi\/wp-content\/uploads\/2022\/09\/IMG_10338-2048x1365.jpg 2048w\" sizes=\"auto, (max-width: 443px) 100vw, 443px\" \/><\/p>\n","protected":false},"excerpt":{"rendered":"<p>N\u00e5gra personliga reflektioner \u00f6ver vindkraftsbyggandet i Kalax D\u00e5 vi i arbetsgruppen beslutat om att g\u00f6ra arrendeavtal med VindIn i b\u00f6rjan av augusti 2012 var det tal om att det skulle bli Simens 2,3 MW vindkraftverk med direktdrift, allts\u00e5 utan v\u00e4xell\u00e5da. 1 MW (megawatt) motsvarar 1\u00a0000 kW (kilowatt). M\u00f6jligtvis kunde effekten bli 3 MW. Man sade [&hellip;]<\/p>\n","protected":false},"author":1,"featured_media":0,"parent":0,"menu_order":0,"comment_status":"closed","ping_status":"closed","template":"","meta":{"footnotes":""},"class_list":["post-550","page","type-page","status-publish","hentry","wpbf-post"],"_links":{"self":[{"href":"https:\/\/www.kalax.fi\/index.php?rest_route=\/wp\/v2\/pages\/550","targetHints":{"allow":["GET"]}}],"collection":[{"href":"https:\/\/www.kalax.fi\/index.php?rest_route=\/wp\/v2\/pages"}],"about":[{"href":"https:\/\/www.kalax.fi\/index.php?rest_route=\/wp\/v2\/types\/page"}],"author":[{"embeddable":true,"href":"https:\/\/www.kalax.fi\/index.php?rest_route=\/wp\/v2\/users\/1"}],"replies":[{"embeddable":true,"href":"https:\/\/www.kalax.fi\/index.php?rest_route=%2Fwp%2Fv2%2Fcomments&post=550"}],"version-history":[{"count":5,"href":"https:\/\/www.kalax.fi\/index.php?rest_route=\/wp\/v2\/pages\/550\/revisions"}],"predecessor-version":[{"id":785,"href":"https:\/\/www.kalax.fi\/index.php?rest_route=\/wp\/v2\/pages\/550\/revisions\/785"}],"wp:attachment":[{"href":"https:\/\/www.kalax.fi\/index.php?rest_route=%2Fwp%2Fv2%2Fmedia&parent=550"}],"curies":[{"name":"wp","href":"https:\/\/api.w.org\/{rel}","templated":true}]}}