{"id":545,"date":"2022-09-04T09:55:12","date_gmt":"2022-09-04T09:55:12","guid":{"rendered":"https:\/\/www.kalax.fi\/?page_id=545"},"modified":"2023-10-08T16:44:26","modified_gmt":"2023-10-08T16:44:26","slug":"vindkraft","status":"publish","type":"page","link":"https:\/\/www.kalax.fi\/?page_id=545","title":{"rendered":"Vindkraftsfonden"},"content":{"rendered":"<h1 id=\"page-title\" class=\"title\">Nu finns i Kalax en vindkraftsfond d\u00e4r du kan s\u00f6ka bidrag till olika projekt eller aktiviteter som fr\u00e4mjar milj\u00f6n, idrott, kultur, ungdomsverksamhet eller h\u00f6jer attraktiviteten att bo i byn.<\/h1>\n<p><img loading=\"lazy\" decoding=\"async\" class=\" wp-image-576 aligncenter\" src=\"https:\/\/www.kalax.fi\/wp-content\/uploads\/2022\/09\/IMG_10134-300x183.jpg\" alt=\"\" width=\"388\" height=\"237\" srcset=\"https:\/\/www.kalax.fi\/wp-content\/uploads\/2022\/09\/IMG_10134-300x183.jpg 300w, https:\/\/www.kalax.fi\/wp-content\/uploads\/2022\/09\/IMG_10134-1024x625.jpg 1024w, https:\/\/www.kalax.fi\/wp-content\/uploads\/2022\/09\/IMG_10134-768x469.jpg 768w, https:\/\/www.kalax.fi\/wp-content\/uploads\/2022\/09\/IMG_10134-1536x938.jpg 1536w, https:\/\/www.kalax.fi\/wp-content\/uploads\/2022\/09\/IMG_10134-2048x1251.jpg 2048w\" sizes=\"auto, (max-width: 388px) 100vw, 388px\" \/><\/p>\n<div class=\"tabs\"><\/div>\n<div class=\"region region-content\">\n<div id=\"block-system-main\" class=\"block block-system\">\n<div class=\"content\">\n<article id=\"node-75\" class=\"node node-news-article node-full clearfix\" role=\"article\">\n<div class=\"content clearfix\">\n<div class=\"field field-name-body field-type-text-with-summary field-label-hidden\">\n<div class=\"field-items\">\n<div class=\"field-item even\">\n<p>Stadgar f\u00f6r Kalax vidkraftsfond<\/p>\n<p>\u00a7 1<br \/>\nSyftet med fonden, vars kapital best\u00e5r av den \u00e5rliga inbetalningen fr\u00e5n Kalax Vindkraft Ab\/Oy, den sk vindbonusen, att idka v\u00e4lg\u00f6renhet i n\u00e4rsamh\u00e4llet genom att utdela stipendier, bidrag och priser. N\u00e4rmare beskrivning av utdelningskriterier finns i bilaga 1.<\/p>\n<p>\u00a7 2<br \/>\nMedel delas ut med ans\u00f6kningar som grund. Kommitt\u00e9n kan \u00e4ven p\u00e5 egen initiativ besluta om utdelningar. L\u00e4s mer -&gt;<\/p>\n<p>\u00a7 3<br \/>\nAns\u00f6kningarna f\u00e5r vara fritt formulerade och helst i elektronisk form (med e-post). Ans\u00f6kningar skall riktas till n\u00e5gon av kommitt\u00e9medlemmarna och skall vara kommitt\u00e9n till handla den 15 maj \u00e5rligen. Innan utg\u00e5ngen av maj m\u00e5nad skall kommitt\u00e9n p\u00e5 ett m\u00f6te behandla inkomna ans\u00f6kningar. Ans\u00f6kningar efter detta datum \u00f6verf\u00f6rs automatiskt till f\u00f6ljande \u00e5r. Kommitt\u00e9n kan dock enligt noga \u00f6verv\u00e4gande godk\u00e4nna s\u00e5dana ans\u00f6kningar under det p\u00e5g\u00e5ende \u00e5ret om medel finns.<\/p>\n<p>Bilaga 1<br \/>\nVINDBONUS<br \/>\nKalax vindkraft Ab\/Oy tillhandh\u00e5ller en vindbonus i enlighet arrendeavtalen mellan avtalsparterna Kalax Vindkraft Ab\/Oy och arrendatorena. Syftet med vindbonus \u00e4r att g\u00f6ra det mer attraktiv att bo, arbeta och bes\u00f6ka byarna runt vindkraftparken. Aktiviteterna som st\u00f6ds genom vindbonus ska uppfattas som socialt och\/eller milj\u00f6m\u00e4ssigt h\u00e5llbara.<br \/>\nDen del som kommer Kalax till del tillfaller Kalax vindkraftsfond som uppr\u00e4tth\u00e5llas av Kalax Samf\u00e4lligheter.<br \/>\nEnligt arrendekontrakten: Pengar som delats ut skall tillfalla v\u00e4lg\u00f6renhet i n\u00e4rsamh\u00e4llet s\u00e5som stipendier, bidrag och priser. N\u00e4rsamh\u00e4llet avser Kalax by.<br \/>\nOlika projekt eller aktiviteter inom byn kan ges st\u00f6d om de fr\u00e4mjar milj\u00f6n, idrott, kultur, ungdomsverksamhet eller h\u00f6jer attraktiviteten att bo i byn.<br \/>\nArrang\u00f6rer f\u00e5r vara privata grupper d\u00e5 syftet \u00e4r att alla kalaxbor f\u00e5r delta eller m\u00e5nga har nytta av en investering eller aktivitet. Vid vissa projekt kan f\u00f6ruts\u00e4ttas att det finns andra finansi\u00e4rer med s\u00e5 att vindkraftsfondens andel inte \u00f6verskrider en viss procent.<br \/>\nStipendier eller bidrag till personer begr\u00e4nsas till barn upp till och med l\u00e5gstadie\u00e5ldern. Om pengar eller en vara ges skall alla barn i samma \u00e5ldersklass bli delaktiga. I \u00f6vrigt ges inte bidrag till privata grupper eller personer.<br \/>\nMedel fr\u00e5n vindbonuset ska inte ges till landsomfattande v\u00e4lg\u00f6renhetsfonder eller f\u00f6retag utan lokal f\u00f6rankring, inte heller till aktiviteter som normalt faller under kommunernas ansvar. Vindbonus ska inte ers\u00e4tta eller minska kommunens normala \u00e5tagande, som finanseras via skatt eller andra allm\u00e4nna anslag.<br \/>\nMedel fr\u00e5n vindbonus ska inte ges till politisk verksamhet, religi\u00f6st verksamhet, radikala grupper eller liknande, oetiska grupper eller aktiviteter, aktiviteter som riskerar att skada milj\u00f6n eller hota s\u00e4kerheten, myndigheter eller arbetsorganisationer.<\/p>\n<p>Ans\u00f6kningar:<br \/>\nhenrik.backa(at)agrolink.fi<\/p>\n<p>Henrik Backa 040 5929500 ordf\u00f6rande<br \/>\nLars Granlund 045 8789288 vice ordf\u00f6rande<br \/>\nMaria Sundlin 040 5488446<br \/>\nAnne-Maj Jerkku 050 3242791<br \/>\nMikael Ingstr\u00f6m 040 5865512<\/p>\n<\/div>\n<\/div>\n<\/div>\n<\/div>\n<\/article>\n<\/div>\n<\/div>\n<\/div>\n","protected":false},"excerpt":{"rendered":"<p>Nu finns i Kalax en vindkraftsfond d\u00e4r du kan s\u00f6ka bidrag till olika projekt eller aktiviteter som fr\u00e4mjar milj\u00f6n, idrott, kultur, ungdomsverksamhet eller h\u00f6jer attraktiviteten att bo i byn. Stadgar f\u00f6r Kalax vidkraftsfond \u00a7 1 Syftet med fonden, vars kapital best\u00e5r av den \u00e5rliga inbetalningen fr\u00e5n Kalax Vindkraft Ab\/Oy, den sk vindbonusen, att idka v\u00e4lg\u00f6renhet [&hellip;]<\/p>\n","protected":false},"author":1,"featured_media":0,"parent":0,"menu_order":0,"comment_status":"closed","ping_status":"closed","template":"","meta":{"footnotes":""},"class_list":["post-545","page","type-page","status-publish","hentry","wpbf-post"],"_links":{"self":[{"href":"https:\/\/www.kalax.fi\/index.php?rest_route=\/wp\/v2\/pages\/545","targetHints":{"allow":["GET"]}}],"collection":[{"href":"https:\/\/www.kalax.fi\/index.php?rest_route=\/wp\/v2\/pages"}],"about":[{"href":"https:\/\/www.kalax.fi\/index.php?rest_route=\/wp\/v2\/types\/page"}],"author":[{"embeddable":true,"href":"https:\/\/www.kalax.fi\/index.php?rest_route=\/wp\/v2\/users\/1"}],"replies":[{"embeddable":true,"href":"https:\/\/www.kalax.fi\/index.php?rest_route=%2Fwp%2Fv2%2Fcomments&post=545"}],"version-history":[{"count":4,"href":"https:\/\/www.kalax.fi\/index.php?rest_route=\/wp\/v2\/pages\/545\/revisions"}],"predecessor-version":[{"id":784,"href":"https:\/\/www.kalax.fi\/index.php?rest_route=\/wp\/v2\/pages\/545\/revisions\/784"}],"wp:attachment":[{"href":"https:\/\/www.kalax.fi\/index.php?rest_route=%2Fwp%2Fv2%2Fmedia&parent=545"}],"curies":[{"name":"wp","href":"https:\/\/api.w.org\/{rel}","templated":true}]}}