{"id":5,"date":"2022-02-26T16:22:29","date_gmt":"2022-02-26T16:22:29","guid":{"rendered":"https:\/\/dev.kalax.fi\/?page_id=5"},"modified":"2022-02-27T12:39:07","modified_gmt":"2022-02-27T12:39:07","slug":"kalax-historia","status":"publish","type":"page","link":"https:\/\/www.kalax.fi\/?page_id=5","title":{"rendered":"Kalax historia"},"content":{"rendered":"<p>H\u00e4r kan du bekanta dig med Kalax under olika \u00e5rhundraden.<\/p>\n<p>j\u00e4rn\u00e5ldern<\/p>\n<p>1100<\/p>\n<p>1200<\/p>\n<p>1300<\/p>\n<p>1400<\/p>\n<p>1500<\/p>\n<p>1600<\/p>\n<p>1700<\/p>\n<p>1800<\/p>\n<p>Vargholmen<\/p>\n","protected":false},"excerpt":{"rendered":"<p>H\u00e4r kan du bekanta dig med Kalax under olika \u00e5rhundraden. j\u00e4rn\u00e5ldern 1100 1200 1300 1400 1500 1600 1700 1800 Vargholmen<\/p>\n","protected":false},"author":1,"featured_media":0,"parent":0,"menu_order":0,"comment_status":"closed","ping_status":"closed","template":"","meta":{"footnotes":""},"class_list":["post-5","page","type-page","status-publish","hentry","wpbf-post"],"_links":{"self":[{"href":"https:\/\/www.kalax.fi\/index.php?rest_route=\/wp\/v2\/pages\/5","targetHints":{"allow":["GET"]}}],"collection":[{"href":"https:\/\/www.kalax.fi\/index.php?rest_route=\/wp\/v2\/pages"}],"about":[{"href":"https:\/\/www.kalax.fi\/index.php?rest_route=\/wp\/v2\/types\/page"}],"author":[{"embeddable":true,"href":"https:\/\/www.kalax.fi\/index.php?rest_route=\/wp\/v2\/users\/1"}],"replies":[{"embeddable":true,"href":"https:\/\/www.kalax.fi\/index.php?rest_route=%2Fwp%2Fv2%2Fcomments&post=5"}],"version-history":[{"count":2,"href":"https:\/\/www.kalax.fi\/index.php?rest_route=\/wp\/v2\/pages\/5\/revisions"}],"predecessor-version":[{"id":36,"href":"https:\/\/www.kalax.fi\/index.php?rest_route=\/wp\/v2\/pages\/5\/revisions\/36"}],"wp:attachment":[{"href":"https:\/\/www.kalax.fi\/index.php?rest_route=%2Fwp%2Fv2%2Fmedia&parent=5"}],"curies":[{"name":"wp","href":"https:\/\/api.w.org\/{rel}","templated":true}]}}