{"id":491,"date":"2022-06-19T09:18:36","date_gmt":"2022-06-19T09:18:36","guid":{"rendered":"https:\/\/dev.kalax.fi\/?page_id=491"},"modified":"2023-03-28T07:12:26","modified_gmt":"2023-03-28T07:12:26","slug":"namnet-kalax","status":"publish","type":"page","link":"https:\/\/www.kalax.fi\/?page_id=491","title":{"rendered":"Namnet Kalax"},"content":{"rendered":"<h2><b>Kalax<\/b><\/h2>\n<p>W\u00e4ster-Calax 1442<\/p>\n<p>Caalax (1701)<\/p>\n<p>Kalax 1546<\/p>\n<p>Kalaks<\/p>\n<p>Kalax har skrivits p\u00e5 m\u00e5nga olika s\u00e4tt genom \u00e5rhundradena och kanske har det uttalats ocks\u00e5 lite olika genom tiderna.<\/p>\n<p>Kalax skulle ha uppkommit av ett ursprungligt <i>Gatlax<\/i>, av ordet <i>gat, gattet<\/i>, emedan det legat vid ett alldeles \u00f6ppet gatt (glopp). Senare har t f\u00f6rsvunnit och a d\u00e4rigenom f\u00f6rl\u00e4ngts, s\u00e5 att man skrev <i>Caalax<\/i> (\u00e5r 1701).<\/p>\n<p>(K. I. Nordlund, Blad ur N\u00e4rpes historia I, s.18)<\/p>\n<p>&#8221;Kaalas\u00b4sinas pojk va in stoor fistjar &#8211; som fieg mytji laxar, \u00e5 tje\u00e4lj\u00e4n hans Beat vakta B\u00d6YTE ynji tiidin.&#8221;<\/p>\n<p>= Kalax namnets uppkomst.<\/p>\n<p>(Hemming Backa, J\u00f6rgen Wickman i en kolumn om sk\u00e5lgropar p\u00e5 Ruskbacken, 2006)<\/p>\n<h3><b>Beskrivning<\/b><\/h3>\n<p>Liklydande namn i Korpo och Borg\u00e5 har h\u00e4rletts fr\u00e5n fi. <i>kahila<\/i> \u2019s\u00e4v\u2019 och <a href=\"https:\/\/bebyggelsenamn.sls.fi\/namnelement\/37\/lax\/\">laksi<\/a> \u2019vik\u2019. Pitk\u00e4nen 1985:208. Att Karstens tolkning *<i>Kalalaksi<\/i> \u2019Fiskviken\u2019 (1923:28) av Pitk\u00e4nen har bed\u00f6mts som tvivelaktig beror p\u00e5 att klara paralleller inte st\u00e5tt att finna i finskt namnskick. Sl\u00e4ktnamn av typen <i>Kahila<\/i> \u00e4r utbredda i v\u00e4stra Finland. Uusi suomalainen nimikirja. Ahlb\u00e4ck t\u00e4nker sig att fl. \u00e4r fi. <i>kala<\/i> eller <i>kaha<\/i> \u2019risst\u00e4llning i sj\u00f6n f\u00f6r fiskf\u00e5ngst, gren af g\u00e4rdet i en katsa\u2019. \u00c4ven det senare f\u00f6rslaget \u00e4r tilltalande, men har inte kunnat st\u00f6das med paralleller (1974b:103 f.). Fortelius har senast med h\u00e4nvisning till talrika paralleller gjort troligt att fl. i en rad liknande namn \u00e4r <i>kala<\/i> \u2019fisk\u2019 (1999:31 ff.). Det \u00e4r troligen s\u00e5 ocks\u00e5 i detta fall.<\/p>\n<h3><b>Namnelement<\/b><\/h3>\n<p><a href=\"https:\/\/bebyggelsenamn.sls.fi\/namnelement\/37\/lax\/\"><b>lax<\/b> <\/a>Inte mindre \u00e4n 72 registrerade bynamn utg\u00e5r p\u00e5 <i>-lax<\/i>. Det \u00e4r fr\u00e5ga om finska naturnamn p\u00e5 <i>-laksi<\/i> \u2019vik\u2019, d.v.s. samma ord som nufinskans <i>lahti<\/i>. Ordet har bytt b\u00f6jningstyp i finskan. Namnen p\u00e5 <i>-lax<\/i> f\u00f6rekommer i alla landskap, p\u00e5 \u00c5land dock endast i ett par, m\u00f6jligen l\u00e5nade, namn (<i>S\u00e5lis<\/i>). Det har tydligen mycket tidigt blivit brukligt att i svensk text anv\u00e4nda formen <i>-lax<\/i> f\u00f6r b\u00e5de <i>-laksi<\/i> och<\/p>\n<p><i>-lahti<\/i> \u00f6ver hela landet. <i>Kuhmalahti &gt;<\/i> fsv. <i>Kumalax<\/i>, <i>Impilahti<\/i> &gt; <i>Impilax<\/i>. De f\u00f6rsvenskade formerna av dylika namn i rent finska trakter har endast i mindre utstr\u00e4ckning registrerats f\u00f6r detta arbete. Viken har uppenbarligen som landskapsform ansetts f\u00f6rdelaktig f\u00f6r bos\u00e4ttning. Ungef\u00e4r lika m\u00e5nga finlandssvenska bynamn har efterleden &#8211;<i>vik<\/i>. Elementet <i>lax<\/i> diskuteras av Naert 1995:157.<\/p>\n<p><b>K\u00e4llor<\/b><\/p>\n<p>Karsten, T.E., 1921, 1923: Svensk bygd i \u00d6sterbotten nu och fordom. I-II. Skrifter utgivna av Svenska litteraturs\u00e4llskapet i Finland 155, 171. Helsingfors.<\/p>\n<p>Ahlb\u00e4ck, Olav, 1974b: Ortnamn i N\u00e4rpes. I: N\u00e4rpes i g\u00e5r och i dag, s. 95\u2013125. \u00c5bo.<\/p>\n<p>Fortelius, Bertel, 1999: Ortnamnen i Korpo. \u00c5bo.<\/p>\n<p>Pitk\u00e4nen, Ritva Liisa, 1985: Turunmaan saariston suomalainen lainanimist\u00f6. Suomalaisen Kirjallisuuden Seuran toimituksia 418. Helsinki.<\/p>\n<p>Uusi suomalainen nimikirja. Vilkuna, Kustaa, Huitu, Marketta, Mikkonen, Pirjo (etunimet), Mikkonen, Pirjo, Paikkala, Sirkka (sukunimet). 1988. Helsinki.<\/p>\n","protected":false},"excerpt":{"rendered":"<p>Kalax W\u00e4ster-Calax 1442 Caalax (1701) Kalax 1546 Kalaks Kalax har skrivits p\u00e5 m\u00e5nga olika s\u00e4tt genom \u00e5rhundradena och kanske har det uttalats ocks\u00e5 lite olika genom tiderna. Kalax skulle ha uppkommit av ett ursprungligt Gatlax, av ordet gat, gattet, emedan det legat vid ett alldeles \u00f6ppet gatt (glopp). Senare har t f\u00f6rsvunnit och a d\u00e4rigenom [&hellip;]<\/p>\n","protected":false},"author":1,"featured_media":0,"parent":0,"menu_order":0,"comment_status":"closed","ping_status":"closed","template":"","meta":{"footnotes":""},"class_list":["post-491","page","type-page","status-publish","hentry","wpbf-post"],"_links":{"self":[{"href":"https:\/\/www.kalax.fi\/index.php?rest_route=\/wp\/v2\/pages\/491","targetHints":{"allow":["GET"]}}],"collection":[{"href":"https:\/\/www.kalax.fi\/index.php?rest_route=\/wp\/v2\/pages"}],"about":[{"href":"https:\/\/www.kalax.fi\/index.php?rest_route=\/wp\/v2\/types\/page"}],"author":[{"embeddable":true,"href":"https:\/\/www.kalax.fi\/index.php?rest_route=\/wp\/v2\/users\/1"}],"replies":[{"embeddable":true,"href":"https:\/\/www.kalax.fi\/index.php?rest_route=%2Fwp%2Fv2%2Fcomments&post=491"}],"version-history":[{"count":4,"href":"https:\/\/www.kalax.fi\/index.php?rest_route=\/wp\/v2\/pages\/491\/revisions"}],"predecessor-version":[{"id":680,"href":"https:\/\/www.kalax.fi\/index.php?rest_route=\/wp\/v2\/pages\/491\/revisions\/680"}],"wp:attachment":[{"href":"https:\/\/www.kalax.fi\/index.php?rest_route=%2Fwp%2Fv2%2Fmedia&parent=491"}],"curies":[{"name":"wp","href":"https:\/\/api.w.org\/{rel}","templated":true}]}}