{"id":489,"date":"2022-06-19T09:08:05","date_gmt":"2022-06-19T09:08:05","guid":{"rendered":"https:\/\/dev.kalax.fi\/?page_id=489"},"modified":"2022-06-28T16:51:19","modified_gmt":"2022-06-28T16:51:19","slug":"stenaldern","status":"publish","type":"page","link":"https:\/\/www.kalax.fi\/?page_id=489","title":{"rendered":"Sten\u00e5ldern"},"content":{"rendered":"<p><b>Sten\u00e5ldern<\/b><\/p>\n<p>F\u00f6r 5000 \u00e5r sedan fanns inte Kalax. Bl\u00e5tt och m\u00e4ktigt svallade Litorina-havet fram \u00f6ver Kalax och hela N\u00e4rpes bygden. \u00c4nnu f\u00f6r tusenfemhundra \u00e5r sedan l\u00e5g stora delar av det som \u00e4r v\u00e5r by under vatten.<\/p>\n<p>N\u00e4r Finland reste sig ur havet var \u00d6sterbotten en av de sista landsdelarna att blotta sitt sk\u00f6te. Ett av de f\u00f6rsta omr\u00e5den som f\u00f6rvandlades fr\u00e5n havsbotten till landomr\u00e5de i N\u00e4rpes var Pr\u00e4st\u00f6n, d\u00e4r N\u00e4rpes kyrka \u00e4r idag, och som tidigt blev en helig plats. Man vet ocks\u00e5 att en kyrka funnits p\u00e5 Eskils\u00f6 sedan 1200-talet.<\/p>\n<p>Isak Smeds, han anse att N\u00e4rpes-namnets ursprungliga form varit n\u00e4rv-avia, nerv\u00f6sa, N\u00e4rv\u00f6, N\u00e4rp\u00f6 (N\u00e4rp\u00f6\u00f6 som finarna s\u00e4ger) Formen N\u00e4rpes skulle kommit i bruk sedan kyrkan (=pr\u00e4st\u00f6n) vuxit eller h\u00f6ll p\u00e5 att v\u00e4xa samman med B\u00e4ckby, K\u00e5tn\u00e4s och andra byar och man m\u00e5ste l\u00e4gga \u201dg\u00e5ngsp\u00e5ngsv\u00e4gar\u201d \u00f6ver det <i>edet<\/i> (dialektiskt tid, \u00e4id\u00e4 = en mark, som man anv\u00e4nder f\u00f6r att forts\u00e4tta sin f\u00e4rd, d\u00e5 den avbrytas av n\u00e5got naturhinder.)<\/p>\n<p>Av N\u00e4rp\u00f6 blev s\u00e5lunda <i>N\u00e4rpedets, N\u00e4rpedes<\/i> och slutligen <i>N\u00e4rpes<\/i>. Namnet skulle s\u00e5 ha utvecklats p\u00e5 svensk spr\u00e5kbotten.<\/p>\n<p>(Blad ur N\u00e4rpes historia K I Nordlund)<\/p>\n<p>&nbsp;<\/p>\n","protected":false},"excerpt":{"rendered":"<p>Sten\u00e5ldern F\u00f6r 5000 \u00e5r sedan fanns inte Kalax. Bl\u00e5tt och m\u00e4ktigt svallade Litorina-havet fram \u00f6ver Kalax och hela N\u00e4rpes bygden. \u00c4nnu f\u00f6r tusenfemhundra \u00e5r sedan l\u00e5g stora delar av det som \u00e4r v\u00e5r by under vatten. N\u00e4r Finland reste sig ur havet var \u00d6sterbotten en av de sista landsdelarna att blotta sitt sk\u00f6te. Ett av [&hellip;]<\/p>\n","protected":false},"author":1,"featured_media":0,"parent":0,"menu_order":0,"comment_status":"closed","ping_status":"closed","template":"","meta":{"footnotes":""},"class_list":["post-489","page","type-page","status-publish","hentry","wpbf-post"],"_links":{"self":[{"href":"https:\/\/www.kalax.fi\/index.php?rest_route=\/wp\/v2\/pages\/489","targetHints":{"allow":["GET"]}}],"collection":[{"href":"https:\/\/www.kalax.fi\/index.php?rest_route=\/wp\/v2\/pages"}],"about":[{"href":"https:\/\/www.kalax.fi\/index.php?rest_route=\/wp\/v2\/types\/page"}],"author":[{"embeddable":true,"href":"https:\/\/www.kalax.fi\/index.php?rest_route=\/wp\/v2\/users\/1"}],"replies":[{"embeddable":true,"href":"https:\/\/www.kalax.fi\/index.php?rest_route=%2Fwp%2Fv2%2Fcomments&post=489"}],"version-history":[{"count":2,"href":"https:\/\/www.kalax.fi\/index.php?rest_route=\/wp\/v2\/pages\/489\/revisions"}],"predecessor-version":[{"id":527,"href":"https:\/\/www.kalax.fi\/index.php?rest_route=\/wp\/v2\/pages\/489\/revisions\/527"}],"wp:attachment":[{"href":"https:\/\/www.kalax.fi\/index.php?rest_route=%2Fwp%2Fv2%2Fmedia&parent=489"}],"curies":[{"name":"wp","href":"https:\/\/api.w.org\/{rel}","templated":true}]}}