{"id":485,"date":"2022-06-19T08:55:36","date_gmt":"2022-06-19T08:55:36","guid":{"rendered":"https:\/\/dev.kalax.fi\/?page_id=485"},"modified":"2025-08-30T11:45:53","modified_gmt":"2025-08-30T11:45:53","slug":"1500-talet","status":"publish","type":"page","link":"https:\/\/www.kalax.fi\/?page_id=485","title":{"rendered":"1500-talet"},"content":{"rendered":"<p>Redan p\u00e5 1550-talet fanns en bos\u00e4ttning p\u00e5 de h\u00f6gre \u00e5sarna p\u00e5 byns nuvarande plats. Byn var delad av fj\u00e4rden i \u00d6ster- och V\u00e4sterkalax. P\u00e5 \u00f6stra sidan fanns fem hush\u00e5ll och p\u00e5 den v\u00e4stra tre hush\u00e5ll. (Karta)<\/p>\n<p>Kontakten v\u00e4sterut till strandbyarna gick \u00f6ver \u201dLangbro\u201d, en v\u00e4g av radade stockar \u00f6ver sumpmarken vid nuvarande Engmans g\u00e5rd. \u00d6sterut kom man l\u00e4ngs kyrkv\u00e4gen via K\u00e5tn\u00e4s \u00f6ver en liknande bro till kyrkan p\u00e5 Pr\u00e4st\u00f6n.<\/p>\n<p>Det fanns ocks\u00e5 en framkomlig v\u00e4g mellan g\u00e5rdarna i byn. Fr\u00e5n R\u00e5skogen kom man \u00f6ver ett vadst\u00e4lle, som kanske tidvis var \u00f6versv\u00e4mmat, till Kroksg\u00e5rdarna. Vidare kom man s\u00f6derut till Antasg\u00e5rdarna, \u00f6ver Mattfolkbacken och Krakberget.<\/p>\n<p>S\u00e5 h\u00e4r ser &#8221;vade&#8221; vadst\u00e4llet ut idag.<\/p>\n<p><img loading=\"lazy\" decoding=\"async\" class=\" wp-image-355 aligncenter\" src=\"https:\/\/dev.kalax.fi\/wp-content\/uploads\/2022\/04\/456102BF-463A-427B-9B71-F524ABD04EDF-300x225.jpeg\" alt=\"\" width=\"547\" height=\"410\" srcset=\"https:\/\/www.kalax.fi\/wp-content\/uploads\/2022\/04\/456102BF-463A-427B-9B71-F524ABD04EDF-300x225.jpeg 300w, https:\/\/www.kalax.fi\/wp-content\/uploads\/2022\/04\/456102BF-463A-427B-9B71-F524ABD04EDF-1024x768.jpeg 1024w, https:\/\/www.kalax.fi\/wp-content\/uploads\/2022\/04\/456102BF-463A-427B-9B71-F524ABD04EDF-768x576.jpeg 768w, https:\/\/www.kalax.fi\/wp-content\/uploads\/2022\/04\/456102BF-463A-427B-9B71-F524ABD04EDF-1536x1152.jpeg 1536w, https:\/\/www.kalax.fi\/wp-content\/uploads\/2022\/04\/456102BF-463A-427B-9B71-F524ABD04EDF-2048x1536.jpeg 2048w\" sizes=\"auto, (max-width: 547px) 100vw, 547px\" \/><\/p>\n<p>Senare d\u00e5 b\u00e5thusen fanns vid Helludden f\u00e4rdades man l\u00e4ngs \u201dSj\u00f6v\u00e4gen\u201d, som gick l\u00e4ngs \u00e5sen fr\u00e5n \u00c5bbel\u00e5kern till fiskplatsen vid Helludden. L\u00e4mningar av denna v\u00e4g syns \u00e4nnu p\u00e5 m\u00e5nga st\u00e4llen i terr\u00e4ngen.<\/p>\n<p>Bilden visar Hel\u00e5ddin, heliga udden, i dag, d\u00e4r det fanns b\u00e5thus och varifr\u00e5n man for ut och fiskade p\u00e5 Kalax fj\u00e4rden.<\/p>\n<p><img loading=\"lazy\" decoding=\"async\" class=\" wp-image-925 aligncenter\" src=\"https:\/\/www.kalax.fi\/wp-content\/uploads\/2024\/12\/FF170D83-1CDF-4038-AB95-C9A506119B44_1_201_a-300x246.jpeg\" alt=\"\" width=\"462\" height=\"379\" srcset=\"https:\/\/www.kalax.fi\/wp-content\/uploads\/2024\/12\/FF170D83-1CDF-4038-AB95-C9A506119B44_1_201_a-300x246.jpeg 300w, https:\/\/www.kalax.fi\/wp-content\/uploads\/2024\/12\/FF170D83-1CDF-4038-AB95-C9A506119B44_1_201_a-1024x841.jpeg 1024w, https:\/\/www.kalax.fi\/wp-content\/uploads\/2024\/12\/FF170D83-1CDF-4038-AB95-C9A506119B44_1_201_a-768x631.jpeg 768w, https:\/\/www.kalax.fi\/wp-content\/uploads\/2024\/12\/FF170D83-1CDF-4038-AB95-C9A506119B44_1_201_a-1536x1262.jpeg 1536w, https:\/\/www.kalax.fi\/wp-content\/uploads\/2024\/12\/FF170D83-1CDF-4038-AB95-C9A506119B44_1_201_a-2048x1682.jpeg 2048w\" sizes=\"auto, (max-width: 462px) 100vw, 462px\" \/><\/p>\n<p>B\u00e5ten var dock \u00e4nnu p\u00e5 1500- och 1600-talen det viktigaste samf\u00e4rdsmedlet. Duktiga b\u00e5tbyggare fanns redan p\u00e5 den tiden i byn. Om detta vittnar olika skeppsbyggnads platser, som p\u00e5tr\u00e4ffats p\u00e5 byns omr\u00e5de.<\/p>\n<p>N\u00e4r havet svallade fritt \u00e4nda upp till R\u00e5skogen fanns en skeppsbyggnadsplats p\u00e5 Tor Granborgs bostadstomt. D\u00e4r har vid gr\u00e4vningar hittats en trolig stapelb\u00e4dd av stockar p\u00e5 ca 30 cm djup under nuvarande markyta. Flera stenar, i vilka j\u00e4rnringar finns, har ocks\u00e5 hittats i n\u00e4rheten. De anv\u00e4ndes som ankar- eller landf\u00e4sten f\u00f6r skutor.<\/p>\n<p>Sp\u00e5r av handel med utlandet har ocks\u00e5 hittats, s\u00e5som kritpipor, dansk flinta av en typ som endast fanns i Danmark samt glas som av museiverkets personal ansetts vara mycket gammalt.<\/p>\n<p>Under 1500-talet s\u00e5 sk\u00e4rptes beskattningen av hemman. Man bokf\u00f6rde mantal och alla hemmans storlek. Kungen och kyrkan skulle ha sitt.<\/p>\n","protected":false},"excerpt":{"rendered":"<p>Redan p\u00e5 1550-talet fanns en bos\u00e4ttning p\u00e5 de h\u00f6gre \u00e5sarna p\u00e5 byns nuvarande plats. Byn var delad av fj\u00e4rden i \u00d6ster- och V\u00e4sterkalax. P\u00e5 \u00f6stra sidan fanns fem hush\u00e5ll och p\u00e5 den v\u00e4stra tre hush\u00e5ll. (Karta) Kontakten v\u00e4sterut till strandbyarna gick \u00f6ver \u201dLangbro\u201d, en v\u00e4g av radade stockar \u00f6ver sumpmarken vid nuvarande Engmans g\u00e5rd. \u00d6sterut [&hellip;]<\/p>\n","protected":false},"author":1,"featured_media":0,"parent":0,"menu_order":0,"comment_status":"closed","ping_status":"closed","template":"","meta":{"footnotes":""},"class_list":["post-485","page","type-page","status-publish","hentry","wpbf-post"],"_links":{"self":[{"href":"https:\/\/www.kalax.fi\/index.php?rest_route=\/wp\/v2\/pages\/485","targetHints":{"allow":["GET"]}}],"collection":[{"href":"https:\/\/www.kalax.fi\/index.php?rest_route=\/wp\/v2\/pages"}],"about":[{"href":"https:\/\/www.kalax.fi\/index.php?rest_route=\/wp\/v2\/types\/page"}],"author":[{"embeddable":true,"href":"https:\/\/www.kalax.fi\/index.php?rest_route=\/wp\/v2\/users\/1"}],"replies":[{"embeddable":true,"href":"https:\/\/www.kalax.fi\/index.php?rest_route=%2Fwp%2Fv2%2Fcomments&post=485"}],"version-history":[{"count":3,"href":"https:\/\/www.kalax.fi\/index.php?rest_route=\/wp\/v2\/pages\/485\/revisions"}],"predecessor-version":[{"id":1033,"href":"https:\/\/www.kalax.fi\/index.php?rest_route=\/wp\/v2\/pages\/485\/revisions\/1033"}],"wp:attachment":[{"href":"https:\/\/www.kalax.fi\/index.php?rest_route=%2Fwp%2Fv2%2Fmedia&parent=485"}],"curies":[{"name":"wp","href":"https:\/\/api.w.org\/{rel}","templated":true}]}}