{"id":402,"date":"2022-06-12T07:34:29","date_gmt":"2022-06-12T07:34:29","guid":{"rendered":"https:\/\/dev.kalax.fi\/?page_id=402"},"modified":"2024-12-07T16:12:21","modified_gmt":"2024-12-07T16:12:21","slug":"402-2","status":"publish","type":"page","link":"https:\/\/www.kalax.fi\/?page_id=402","title":{"rendered":"B\u00f6cker och annat"},"content":{"rendered":"<h3>Kalaxduken<\/h3>\n<p><img loading=\"lazy\" decoding=\"async\" class=\"size-medium wp-image-920 alignleft\" src=\"https:\/\/www.kalax.fi\/wp-content\/uploads\/2024\/12\/77BD0F33-94F5-412B-82C9-4ED4E9301C43_1_201_a-257x300.jpeg\" alt=\"\" width=\"257\" height=\"300\" srcset=\"https:\/\/www.kalax.fi\/wp-content\/uploads\/2024\/12\/77BD0F33-94F5-412B-82C9-4ED4E9301C43_1_201_a-257x300.jpeg 257w, https:\/\/www.kalax.fi\/wp-content\/uploads\/2024\/12\/77BD0F33-94F5-412B-82C9-4ED4E9301C43_1_201_a-876x1024.jpeg 876w, https:\/\/www.kalax.fi\/wp-content\/uploads\/2024\/12\/77BD0F33-94F5-412B-82C9-4ED4E9301C43_1_201_a-768x898.jpeg 768w, https:\/\/www.kalax.fi\/wp-content\/uploads\/2024\/12\/77BD0F33-94F5-412B-82C9-4ED4E9301C43_1_201_a-1314x1536.jpeg 1314w, https:\/\/www.kalax.fi\/wp-content\/uploads\/2024\/12\/77BD0F33-94F5-412B-82C9-4ED4E9301C43_1_201_a-1752x2048.jpeg 1752w\" sizes=\"auto, (max-width: 257px) 100vw, 257px\" \/> <img loading=\"lazy\" decoding=\"async\" class=\"size-medium wp-image-921 alignleft\" src=\"https:\/\/www.kalax.fi\/wp-content\/uploads\/2024\/12\/40B9E8A3-1AFF-4684-99A7-0F534FB46DC6_1_201_a-224x300.jpeg\" alt=\"\" width=\"224\" height=\"300\" srcset=\"https:\/\/www.kalax.fi\/wp-content\/uploads\/2024\/12\/40B9E8A3-1AFF-4684-99A7-0F534FB46DC6_1_201_a-224x300.jpeg 224w, https:\/\/www.kalax.fi\/wp-content\/uploads\/2024\/12\/40B9E8A3-1AFF-4684-99A7-0F534FB46DC6_1_201_a-764x1024.jpeg 764w, https:\/\/www.kalax.fi\/wp-content\/uploads\/2024\/12\/40B9E8A3-1AFF-4684-99A7-0F534FB46DC6_1_201_a-768x1030.jpeg 768w, https:\/\/www.kalax.fi\/wp-content\/uploads\/2024\/12\/40B9E8A3-1AFF-4684-99A7-0F534FB46DC6_1_201_a-1145x1536.jpeg 1145w, https:\/\/www.kalax.fi\/wp-content\/uploads\/2024\/12\/40B9E8A3-1AFF-4684-99A7-0F534FB46DC6_1_201_a-1527x2048.jpeg 1527w, https:\/\/www.kalax.fi\/wp-content\/uploads\/2024\/12\/40B9E8A3-1AFF-4684-99A7-0F534FB46DC6_1_201_a-scaled.jpeg 1909w\" sizes=\"auto, (max-width: 224px) 100vw, 224px\" \/><\/p>\n<p>&nbsp;<\/p>\n<p>&nbsp;<\/p>\n<p>&nbsp;<\/p>\n<p>&nbsp;<\/p>\n<p>&nbsp;<\/p>\n<p>&nbsp;<\/p>\n<p>Tillverkad av<\/p>\n<p>Inger Franz\u00e9n<\/p>\n<p>En s\u00e4l simmar in i J\u00e4rv\u00f6fj\u00e4lin genom Storskats\u00e5nde och tar en titt p\u00e5 Paviljongen. Ett lodjur forts\u00e4tter sin tysta f\u00e4rd fr\u00e5n Bovitj\u00e4n Via Vattgr\u00e5nne och Hel\u00e5ddin till F\u00e4llon. I Ro\u00e5skojin, med vidstr\u00e4ckta \u00e5krar och st\u00e5tliga skogar, har \u00e4lgen startat sin vandring mot Stortrestje.<\/p>\n<p>En liten flicka sitter vid Skolans k\u00f6ksf\u00f6nster och tittar ut medan mamman tillreder skollunchen. L\u00e4ngsmed byv\u00e4gen ser hon \u00c5dalen, Central, Mang\u00e4lhuse, Lokaalin, Handlin och l\u00e4ngst bort Oppibyjin.<\/p>\n<p>Denna duks m\u00f6nster har inspirerats av Skolhusets konstruktion. F\u00e4rgerna representerar Kalax vackra \u00e5krar, skogar och \u00e4ngar.<\/p>\n<p>Duken s\u00e4ljs av:<\/p>\n<p>Inger Franz\u00e9n, Dermossv\u00e4gen 77, 64610 \u00d6vermark.<\/p>\n<p>Tel: +358 (0)400 163 118,<\/p>\n<p>e-post: inger.franzen@textilstugan.fi<\/p>\n<p>Hemsida: www.textilstugan.fi<\/p>\n<p>&nbsp;<\/p>\n<p>&nbsp;<\/p>\n<h3>Ny bok fr\u00e5n Kalax &#8211; S\u00e4lj\u00e4garna<\/h3>\n<p><img loading=\"lazy\" decoding=\"async\" class=\"wp-image-681 aligncenter\" src=\"https:\/\/www.kalax.fi\/wp-content\/uploads\/2023\/03\/95750F0C-8E3E-48AC-8A38-4172E1ACFAF6-211x300.jpeg\" alt=\"\" width=\"368\" height=\"523\" srcset=\"https:\/\/www.kalax.fi\/wp-content\/uploads\/2023\/03\/95750F0C-8E3E-48AC-8A38-4172E1ACFAF6-211x300.jpeg 211w, https:\/\/www.kalax.fi\/wp-content\/uploads\/2023\/03\/95750F0C-8E3E-48AC-8A38-4172E1ACFAF6-721x1024.jpeg 721w, https:\/\/www.kalax.fi\/wp-content\/uploads\/2023\/03\/95750F0C-8E3E-48AC-8A38-4172E1ACFAF6-768x1090.jpeg 768w, https:\/\/www.kalax.fi\/wp-content\/uploads\/2023\/03\/95750F0C-8E3E-48AC-8A38-4172E1ACFAF6-1082x1536.jpeg 1082w, https:\/\/www.kalax.fi\/wp-content\/uploads\/2023\/03\/95750F0C-8E3E-48AC-8A38-4172E1ACFAF6-1443x2048.jpeg 1443w, https:\/\/www.kalax.fi\/wp-content\/uploads\/2023\/03\/95750F0C-8E3E-48AC-8A38-4172E1ACFAF6.jpeg 1655w\" sizes=\"auto, (max-width: 368px) 100vw, 368px\" \/><\/p>\n<p>&nbsp;<\/p>\n<p>&nbsp;<\/p>\n<p>Nu finns det en karta \u00f6ver Kalax by en kopia av J.H. Gr\u00f6ndahls fr\u00e5n 1863. Bos\u00e4ttningen i Kalax 1900 &#8211; 1910. (Ritad av Rafael Nissfolk 1977) Kartan finns i tv\u00e5 storlekar: Stor 92&#215;100 och Liten 42&#215;30 (A3). Kontakta Anders Blomberg.<\/p>\n<h3><img loading=\"lazy\" decoding=\"async\" class=\" wp-image-725 aligncenter\" src=\"https:\/\/www.kalax.fi\/wp-content\/uploads\/2023\/04\/3AC4E35C-4F91-45F6-B5CB-84CD813A3EC6_4_5005_c.jpeg\" alt=\"\" width=\"550\" height=\"500\" \/><\/h3>\n<p>&nbsp;<\/p>\n<p>&nbsp;<\/p>\n<p>&nbsp;<\/p>\n<h3><\/h3>\n<h3><\/h3>\n<h3><\/h3>\n<h3><\/h3>\n<h3><img loading=\"lazy\" decoding=\"async\" class=\"alignnone size-medium wp-image-464\" src=\"https:\/\/dev.kalax.fi\/wp-content\/uploads\/2022\/06\/04DBF081-F643-43A6-8F6A-A3143A519602_1_201_a-209x300.jpeg\" alt=\"\" width=\"209\" height=\"300\" srcset=\"https:\/\/www.kalax.fi\/wp-content\/uploads\/2022\/06\/04DBF081-F643-43A6-8F6A-A3143A519602_1_201_a-209x300.jpeg 209w, https:\/\/www.kalax.fi\/wp-content\/uploads\/2022\/06\/04DBF081-F643-43A6-8F6A-A3143A519602_1_201_a-712x1024.jpeg 712w, https:\/\/www.kalax.fi\/wp-content\/uploads\/2022\/06\/04DBF081-F643-43A6-8F6A-A3143A519602_1_201_a-768x1104.jpeg 768w, https:\/\/www.kalax.fi\/wp-content\/uploads\/2022\/06\/04DBF081-F643-43A6-8F6A-A3143A519602_1_201_a-1069x1536.jpeg 1069w, https:\/\/www.kalax.fi\/wp-content\/uploads\/2022\/06\/04DBF081-F643-43A6-8F6A-A3143A519602_1_201_a-1425x2048.jpeg 1425w, https:\/\/www.kalax.fi\/wp-content\/uploads\/2022\/06\/04DBF081-F643-43A6-8F6A-A3143A519602_1_201_a-scaled.jpeg 1781w\" sizes=\"auto, (max-width: 209px) 100vw, 209px\" \/><\/h3>\n<h3><\/h3>\n<h3><\/h3>\n<h4>Kalax \u2014 \u00a0En by\u00a0<span style=\"font-size: 16px;\">i f\u00f6r\u00e4ndring (1998)\u00a0Boken om Kalax historia. \u00a0 \u00a0 \u00a0 \u00a0 \u00a0 \u00a0 <\/span><em style=\"font-size: 16px;\"><strong>Slut S\u00e5ld<\/strong><\/em><\/h4>\n<h3><img loading=\"lazy\" decoding=\"async\" class=\"alignnone size-medium wp-image-465\" src=\"https:\/\/dev.kalax.fi\/wp-content\/uploads\/2022\/06\/F64955A1-3B41-42BD-B42F-97A4071E0516_1_201_a-210x300.jpeg\" alt=\"\" width=\"210\" height=\"300\" srcset=\"https:\/\/www.kalax.fi\/wp-content\/uploads\/2022\/06\/F64955A1-3B41-42BD-B42F-97A4071E0516_1_201_a-210x300.jpeg 210w, https:\/\/www.kalax.fi\/wp-content\/uploads\/2022\/06\/F64955A1-3B41-42BD-B42F-97A4071E0516_1_201_a-718x1024.jpeg 718w, https:\/\/www.kalax.fi\/wp-content\/uploads\/2022\/06\/F64955A1-3B41-42BD-B42F-97A4071E0516_1_201_a-768x1095.jpeg 768w, https:\/\/www.kalax.fi\/wp-content\/uploads\/2022\/06\/F64955A1-3B41-42BD-B42F-97A4071E0516_1_201_a-1078x1536.jpeg 1078w, https:\/\/www.kalax.fi\/wp-content\/uploads\/2022\/06\/F64955A1-3B41-42BD-B42F-97A4071E0516_1_201_a-1437x2048.jpeg 1437w, https:\/\/www.kalax.fi\/wp-content\/uploads\/2022\/06\/F64955A1-3B41-42BD-B42F-97A4071E0516_1_201_a-scaled.jpeg 1796w\" sizes=\"auto, (max-width: 210px) 100vw, 210px\" \/> En bok om Kalax l\u00e5gstadieskola och dess 100 \u00e5r.<\/h3>\n","protected":false},"excerpt":{"rendered":"<p>Kalaxduken &nbsp; &nbsp; &nbsp; &nbsp; &nbsp; &nbsp; Tillverkad av Inger Franz\u00e9n En s\u00e4l simmar in i J\u00e4rv\u00f6fj\u00e4lin genom Storskats\u00e5nde och tar en titt p\u00e5 Paviljongen. Ett lodjur forts\u00e4tter sin tysta f\u00e4rd fr\u00e5n Bovitj\u00e4n Via Vattgr\u00e5nne och Hel\u00e5ddin till F\u00e4llon. I Ro\u00e5skojin, med vidstr\u00e4ckta \u00e5krar och st\u00e5tliga skogar, har \u00e4lgen startat sin vandring mot Stortrestje. En [&hellip;]<\/p>\n","protected":false},"author":1,"featured_media":0,"parent":0,"menu_order":0,"comment_status":"closed","ping_status":"closed","template":"","meta":{"footnotes":""},"class_list":["post-402","page","type-page","status-publish","hentry","wpbf-post"],"_links":{"self":[{"href":"https:\/\/www.kalax.fi\/index.php?rest_route=\/wp\/v2\/pages\/402","targetHints":{"allow":["GET"]}}],"collection":[{"href":"https:\/\/www.kalax.fi\/index.php?rest_route=\/wp\/v2\/pages"}],"about":[{"href":"https:\/\/www.kalax.fi\/index.php?rest_route=\/wp\/v2\/types\/page"}],"author":[{"embeddable":true,"href":"https:\/\/www.kalax.fi\/index.php?rest_route=\/wp\/v2\/users\/1"}],"replies":[{"embeddable":true,"href":"https:\/\/www.kalax.fi\/index.php?rest_route=%2Fwp%2Fv2%2Fcomments&post=402"}],"version-history":[{"count":24,"href":"https:\/\/www.kalax.fi\/index.php?rest_route=\/wp\/v2\/pages\/402\/revisions"}],"predecessor-version":[{"id":923,"href":"https:\/\/www.kalax.fi\/index.php?rest_route=\/wp\/v2\/pages\/402\/revisions\/923"}],"wp:attachment":[{"href":"https:\/\/www.kalax.fi\/index.php?rest_route=%2Fwp%2Fv2%2Fmedia&parent=402"}],"curies":[{"name":"wp","href":"https:\/\/api.w.org\/{rel}","templated":true}]}}