{"id":149,"date":"2022-04-03T13:40:51","date_gmt":"2022-04-03T13:40:51","guid":{"rendered":"https:\/\/dev.kalax.fi\/?page_id=149"},"modified":"2025-05-18T16:21:56","modified_gmt":"2025-05-18T16:21:56","slug":"foreningar","status":"publish","type":"page","link":"https:\/\/www.kalax.fi\/?page_id=149","title":{"rendered":"F\u00f6reningar"},"content":{"rendered":"<div id=\"main-wrapper\" class=\"clearfix\">\n<div id=\"main\" class=\"clearfix\" role=\"main\">\n<div id=\"content\" class=\"column\">\n<div class=\"section\">\n<div class=\"region region-content\">\n<div id=\"block-system-main\" class=\"block block-system\">\n<div class=\"content\">\n<article id=\"node-12\" class=\"node node-page node-full clearfix\" role=\"article\">\n<div class=\"content clearfix\">\n<div class=\"field field-name-body field-type-text-with-summary field-label-hidden\">\n<div class=\"field-items\">\n<div class=\"field-item even\">\n<h3><b>Kalax samf\u00e4lligheter<\/b><\/h3>\n<p>-Ordf\u00f6rande, (fr\u00e5n 2023): Anders Blomberg 0500-669546<\/p>\n<p>-Viceordf\u00f6rande : Markus Gj\u00e4ls<\/p>\n<p>-Sekreterare : Joakim Bondfolk<\/p>\n<p>-Hemsideansvarig : Styrelsen f\u00f6r Kalax del\u00e4garlag och samf\u00e4lligheter, Anders Blomberg.<\/p>\n<p>-Paviljongs- och hamnansvarig: Mats Wikman, telefonnummer: 0400-366366.<\/p>\n<p>Allm\u00e4n information om samf\u00e4lligheten och sm\u00e5b\u00e5tshamnen. Fr\u00e5gor och \u00e4renden som h\u00e4nf\u00f6rs till samf\u00e4lligheten riktas till ordf\u00f6randen och sysslom\u00e4nnen. Lediga b\u00e5tplatser i sm\u00e5b\u00e5tshamnen finns att hyra om n\u00e5gon beh\u00f6ver b\u00e5tplats. Hyran f\u00f6r en b\u00e5tplats \u00e4r enligt b\u00e5tens storlek. F\u00f6r vidare information och f\u00f6rh\u00e5llningsregler som g\u00e4ller sm\u00e5b\u00e5tshamnen, kontakta Wikman.<\/p>\n<p>&nbsp;<\/p>\n<h3><b>Kalax Jaktf\u00f6rening r.f.<\/b><\/h3>\n<p>-Ordf\u00f6rande: Alf-Erik Enqvist<\/p>\n<p>-Sekreterare och kass\u00f6r: Peter Sundlin<\/p>\n<p>Jaktledare f\u00f6r \u00e4lgjaktlaget: Jan-Ole Enqvist<\/p>\n<p>Kontaktperson och statistikuppf\u00f6ljning f\u00f6r r\u00e5djursjakt: Jonas Bondfolk<\/p>\n<p>Allm\u00e4n information: \u00c5rsavgift f\u00f6r f\u00f6reningsmedlemmar 15 euro\/\u00e5r, s\u00e4songsjaktkort 50 euro\/\u00e5r och dagskort f\u00f6r jakt 5 euro\/dag. Ans\u00f6kan om medlemskap i jaktf\u00f6reningen g\u00f6rs \u00e5rligen f\u00f6re f\u00f6reningens \u00e5rsm\u00f6te i januari. Likas\u00e5 ans\u00f6kan om s\u00e4songsjaktkort g\u00f6rs till jaktf\u00f6reningen f\u00f6re \u00e5rsm\u00f6tet. G\u00e4llande att f\u00e5 k\u00f6pa dagskort f\u00f6r jakt, fr\u00e5ga Peter Sundlin.<\/p>\n<p>&nbsp;<\/p>\n<h3><b>Kalax Fiskargille r.f.<\/b><\/h3>\n<p>-Ordf\u00f6rande: Kenneth Skrifvars<\/p>\n<p>-Sekreterare: Terese Andersson<\/p>\n<p>Allm\u00e4n information: Nya sportfiskekort kan k\u00f6pas p\u00e5 Eskils\u00f6-f\u00e4rjan. Eventuella fr\u00e5gor och \u00e4renden riktas till ordf\u00f6randen Skrifvars eller sekreterare Andersson.<\/p>\n<p>FISKEKORTSF\u00d6RS\u00c4LJNING<br \/>\nFiskekortet ber\u00e4ttigar till fiske p\u00e5 Kalax vattenomr\u00e5de med:<br \/>\n-4st n\u00e4t 3m x 30m, samt r\u00e4tt till anv\u00e4ndning av,<br \/>\n-katsor och till<br \/>\n-fritt sp\u00f6fiske med obegr\u00e4nsat antal sp\u00f6n.<\/p>\n<p>FISKEKORTETS PRIS: 22e\/kalender\u00e5r<br \/>\nBetalas till Kalax Fiskargille r.fs kontonummer<br \/>\nFI37 4963 1020 0074 93<br \/>\nSkriv i meddelanderutan: Fiskekort 2020, samt adress, s\u00e5 kommer kortet hem i postl\u00e5dan.<br \/>\nKVITTO MED VID FISKE !<\/p>\n<p><a href=\"https:\/\/sites.google.com\/view\/kalax\/\">Kalax byomr\u00e5de l\u00e4nk.<\/a><\/p>\n<\/div>\n<\/div>\n<\/div>\n<\/div>\n<\/article>\n<p>&nbsp;<\/p>\n<h2><strong>Kalax Historiker<\/strong><\/h2>\n<p>Kalax historiker s\u00e5 \u00e4r en grupp som gr\u00e4ver i historien. Vi s\u00f6ker fram gamla v\u00e4gar och stigar, dokumenterar gamla kultplatser, platser f\u00f6r b\u00e5tbygge, boplatser osv. Allt som har med Kalax historia att g\u00f6ra. Alla som har historiskt intresse f\u00e5r vara med d\u00e5 vi \u00e4r ute och &#8221;gr\u00e4ver&#8221; i historien b\u00e5de bildligt och konkret.<\/p>\n<p>Vid intresse ring; Anders Blomberg 0500-669546<\/p>\n<\/div>\n<\/div>\n<\/div>\n<\/div>\n<\/div>\n<\/div>\n<\/div>\n","protected":false},"excerpt":{"rendered":"<p>Kalax samf\u00e4lligheter -Ordf\u00f6rande, (fr\u00e5n 2023): Anders Blomberg 0500-669546 -Viceordf\u00f6rande : Markus Gj\u00e4ls -Sekreterare : Joakim Bondfolk -Hemsideansvarig : Styrelsen f\u00f6r Kalax del\u00e4garlag och samf\u00e4lligheter, Anders Blomberg. -Paviljongs- och hamnansvarig: Mats Wikman, telefonnummer: 0400-366366. Allm\u00e4n information om samf\u00e4lligheten och sm\u00e5b\u00e5tshamnen. Fr\u00e5gor och \u00e4renden som h\u00e4nf\u00f6rs till samf\u00e4lligheten riktas till ordf\u00f6randen och sysslom\u00e4nnen. Lediga b\u00e5tplatser i sm\u00e5b\u00e5tshamnen [&hellip;]<\/p>\n","protected":false},"author":1,"featured_media":0,"parent":0,"menu_order":0,"comment_status":"closed","ping_status":"closed","template":"","meta":{"footnotes":""},"class_list":["post-149","page","type-page","status-publish","hentry","wpbf-post"],"_links":{"self":[{"href":"https:\/\/www.kalax.fi\/index.php?rest_route=\/wp\/v2\/pages\/149","targetHints":{"allow":["GET"]}}],"collection":[{"href":"https:\/\/www.kalax.fi\/index.php?rest_route=\/wp\/v2\/pages"}],"about":[{"href":"https:\/\/www.kalax.fi\/index.php?rest_route=\/wp\/v2\/types\/page"}],"author":[{"embeddable":true,"href":"https:\/\/www.kalax.fi\/index.php?rest_route=\/wp\/v2\/users\/1"}],"replies":[{"embeddable":true,"href":"https:\/\/www.kalax.fi\/index.php?rest_route=%2Fwp%2Fv2%2Fcomments&post=149"}],"version-history":[{"count":11,"href":"https:\/\/www.kalax.fi\/index.php?rest_route=\/wp\/v2\/pages\/149\/revisions"}],"predecessor-version":[{"id":1002,"href":"https:\/\/www.kalax.fi\/index.php?rest_route=\/wp\/v2\/pages\/149\/revisions\/1002"}],"wp:attachment":[{"href":"https:\/\/www.kalax.fi\/index.php?rest_route=%2Fwp%2Fv2%2Fmedia&parent=149"}],"curies":[{"name":"wp","href":"https:\/\/api.w.org\/{rel}","templated":true}]}}