{"id":128,"date":"2022-04-03T12:39:51","date_gmt":"2022-04-03T12:39:51","guid":{"rendered":"https:\/\/dev.kalax.fi\/?page_id=128"},"modified":"2022-06-21T16:01:15","modified_gmt":"2022-06-21T16:01:15","slug":"startsida","status":"publish","type":"page","link":"https:\/\/www.kalax.fi\/","title":{"rendered":""},"content":{"rendered":"<p>&nbsp;<\/p>\n<h2><strong>\u00a0 \u00a0 \u00a0 \u00a0Kalax \u00e4r en kustby i v\u00e4stra N\u00e4rpes. Byn finns 3 \u00a0<\/strong><strong>kilometer fr\u00e5n N\u00e4rpes centrum. \u00a0 \u00a0 \u00a0 \u00a0 \u00a0<\/strong><\/h2>\n<h2><strong>\u00a0 \u00a0 \u00a0 \u00a0Byn har ca 330 inv\u00e5nare. Jordomr\u00e5det \u00e4r 3723 ha och vattenomr\u00e5det \u00e4r 2150 ha. <\/strong><\/h2>\n<h2><strong>\u00a0 \u00a0 \u00a0 <\/strong><strong>P\u00e5 den h\u00e4r hemsidan f\u00e5r du veta om Kalax by hur det var f\u00f6rr och vad som h\u00e4nder\u00a0<\/strong><strong>idag.<\/strong><\/h2>\n<p><img loading=\"lazy\" decoding=\"async\" class=\"wp-image-292 aligncenter\" src=\"https:\/\/dev.kalax.fi\/wp-content\/uploads\/2022\/04\/80A4E174-D673-4A41-8E4A-26A01E8EECF0_4_5005_c-300x200.jpeg\" alt=\"\" width=\"793\" height=\"528\" srcset=\"https:\/\/www.kalax.fi\/wp-content\/uploads\/2022\/04\/80A4E174-D673-4A41-8E4A-26A01E8EECF0_4_5005_c-300x200.jpeg 300w, https:\/\/www.kalax.fi\/wp-content\/uploads\/2022\/04\/80A4E174-D673-4A41-8E4A-26A01E8EECF0_4_5005_c.jpeg 504w\" sizes=\"auto, (max-width: 793px) 100vw, 793px\" \/><\/p>\n<h3>\u00a0 \u00a0 \u00a0 \u00a0 \u00a0 \u00a0 \u00a0 \u00a0 \u00a0 \u00a0 \u00a0 \u00a0 \u00a0 \u00a0 \u00a0 \u00a0 \u00a0 \u00a0 \u00a0 \u00a0 \u00a0 \u00a0 \u00a0 \u00a0 \u00a0 \u00a0 Kalax p\u00e5 1930-talet.<\/h3>\n<p>&nbsp;<\/p>\n<p>Kalax facebookgrupp:<\/p>\n<p>Kalax By: https:\/\/www.facebook.com\/groups\/2340503659610842\/<\/p>\n<p>&nbsp;<\/p>\n<p>&nbsp;<\/p>\n<p>&nbsp;<\/p>\n<p>&nbsp;<\/p>\n<p>&nbsp;<\/p>\n<p>&nbsp;<\/p>\n<p>&nbsp;<\/p>\n<p>&nbsp;<\/p>\n","protected":false},"excerpt":{"rendered":"<p>&nbsp; \u00a0 \u00a0 \u00a0 \u00a0Kalax \u00e4r en kustby i v\u00e4stra N\u00e4rpes. Byn finns 3 \u00a0kilometer fr\u00e5n N\u00e4rpes centrum. \u00a0 \u00a0 \u00a0 \u00a0 \u00a0 \u00a0 \u00a0 \u00a0 \u00a0Byn har ca 330 inv\u00e5nare. Jordomr\u00e5det \u00e4r 3723 ha och vattenomr\u00e5det \u00e4r 2150 ha. \u00a0 \u00a0 \u00a0 P\u00e5 den h\u00e4r hemsidan f\u00e5r du veta om Kalax by hur det [&hellip;]<\/p>\n","protected":false},"author":1,"featured_media":164,"parent":0,"menu_order":0,"comment_status":"closed","ping_status":"closed","template":"","meta":{"footnotes":""},"class_list":["post-128","page","type-page","status-publish","has-post-thumbnail","hentry","wpbf-post"],"_links":{"self":[{"href":"https:\/\/www.kalax.fi\/index.php?rest_route=\/wp\/v2\/pages\/128","targetHints":{"allow":["GET"]}}],"collection":[{"href":"https:\/\/www.kalax.fi\/index.php?rest_route=\/wp\/v2\/pages"}],"about":[{"href":"https:\/\/www.kalax.fi\/index.php?rest_route=\/wp\/v2\/types\/page"}],"author":[{"embeddable":true,"href":"https:\/\/www.kalax.fi\/index.php?rest_route=\/wp\/v2\/users\/1"}],"replies":[{"embeddable":true,"href":"https:\/\/www.kalax.fi\/index.php?rest_route=%2Fwp%2Fv2%2Fcomments&post=128"}],"version-history":[{"count":57,"href":"https:\/\/www.kalax.fi\/index.php?rest_route=\/wp\/v2\/pages\/128\/revisions"}],"predecessor-version":[{"id":520,"href":"https:\/\/www.kalax.fi\/index.php?rest_route=\/wp\/v2\/pages\/128\/revisions\/520"}],"wp:featuredmedia":[{"embeddable":true,"href":"https:\/\/www.kalax.fi\/index.php?rest_route=\/wp\/v2\/media\/164"}],"wp:attachment":[{"href":"https:\/\/www.kalax.fi\/index.php?rest_route=%2Fwp%2Fv2%2Fmedia&parent=128"}],"curies":[{"name":"wp","href":"https:\/\/api.w.org\/{rel}","templated":true}]}}